{"id":1993,"date":"2018-11-20T15:51:21","date_gmt":"2018-11-20T13:51:21","guid":{"rendered":"https:\/\/www.klaritz.com\/suites-2\/"},"modified":"2025-04-11T10:23:28","modified_gmt":"2025-04-11T07:23:28","slug":"suites","status":"publish","type":"page","link":"https:\/\/www.klaritz.com\/fr\/suites\/","title":{"rendered":"Suites"},"content":{"rendered":"<div class=\"fusion-fullwidth fullwidth-box fusion-builder-row-1 hundred-percent-fullwidth non-hundred-percent-height-scrolling\" style=\"--awb-border-radius-top-left:0px;--awb-border-radius-top-right:0px;--awb-border-radius-bottom-right:0px;--awb-border-radius-bottom-left:0px;--awb-flex-wrap:wrap;\" ><div class=\"fusion-builder-row fusion-row\"><div class=\"fusion-layout-column fusion_builder_column fusion-builder-column-0 fusion_builder_column_1_1 1_1 fusion-one-full fusion-column-first fusion-column-last\" style=\"--awb-bg-size:cover;\"><div class=\"fusion-column-wrapper fusion-flex-column-wrapper-legacy\"><div class=\"fusion-title title fusion-title-1 fusion-sep-none fusion-title-text fusion-title-size-one\" style=\"--awb-font-size:65px;\"><h1 class=\"fusion-title-heading title-heading-left fusion-responsive-typography-calculated\" style=\"margin:0;font-size:1em;--fontSize:65;line-height:1;\">Suites Makris Gialos<\/h1><\/div><div class=\"fusion-text fusion-text-1\"><h3><strong>LA LEGENDE<\/strong><\/h3>\n<p>L&rsquo;histoire de <span style=\"text-decoration: underline;\"><a href=\"https:\/\/www.greekmythology.com\/Myths\/Mortals\/Cephalus\/cephalus.html\" target=\"_blank\" rel=\"noopener noreferrer\"><strong>C\u00e9phale<\/strong><\/a><\/span> et d&rsquo; <span style=\"text-decoration: underline;\"><a href=\"https:\/\/www.greekmythology.com\/Titans\/Eos\/eos.html\" target=\"_blank\" rel=\"noopener noreferrer\"><strong>Aurora<\/strong><\/a><\/span> est racont\u00e9e dans les \u00abM\u00e9tamorphoses\u00bb d&rsquo;Ovide. <strong>C\u00e9phale<\/strong> fort , un h\u00e9ros ath\u00e9nien, est tomb\u00e9 amoureux et s&rsquo;est mari\u00e9 avec <strong>Procris<\/strong>. <strong>C\u00e9phale<\/strong> s&rsquo;est retrouv\u00e9 ainsi sur une \u00eele o\u00f9 il est finalement rest\u00e9 et est devenu le souverain de la r\u00e9gion. L&rsquo;\u00eele a \u00e9t\u00e9 nomm\u00e9e de son nom Cephallenia, Cephalonia ou Kefallonia. De cette fa\u00e7on l\u00e0 il \u00e9tait li\u00e9 \u00e0 l&rsquo;ascendance d&rsquo;Ulysse. Tandis que Aurore provoque chez Procris un sentiment de jalousie,<strong>Artemis<\/strong> (Diana) offre \u00e0 C\u00e9phale un javelot qui ne manquait jamais sa cible et un chien de chasse nomm\u00e9 Laelaps qui attrapait toujours sa proie. C\u2019est ainsi que au cour d\u2019une partie de chasse, de fa\u00e7on accidentelle, Procris est tu\u00e9e par la lance de C\u00e9phale. Une pi\u00e8ce italienne du XVe si\u00e8cle a remplac\u00e9 une fin plus heureuse dans laquelle la d\u00e9esse <strong>Art\u00e9mis<\/strong> (Diane) ressuscite Procris et la r\u00e9unit avec C\u00e9phale.<\/p>\n<p><strong>Aurore<\/strong> et <strong>C\u00e9phale<\/strong> est un tableau de 1733 de <a href=\"https:\/\/www.flickr.com\/photos\/mazanto\/24181094743\" target=\"_blank\" rel=\"noopener noreferrer\"><span style=\"text-decoration: underline;\">Fran\u00e7ois Boucher<\/span><\/a>, au mus\u00e9e des Beaux-Arts de Nancy. En outre, un autre portrait <strong>d&rsquo;Aurora<\/strong> et <strong>C\u00e9phale<\/strong> c.1810 par <span style=\"text-decoration: underline;\"><a href=\"https:\/\/www.alamy.com\/aurora-and-cephalus-c1810-anne-louis-girodet-de-roucy-trioson-french-1767-1824-oil-on-canvas-framed-349-x-299-x-7-cm-13-34-x-11-34-x-2-34-in-unframed-228-x-168-cm-9-x-6-58-in-image240477520.html\" target=\"_blank\" rel=\"noopener noreferrer\">Anne-Louis Girodet de Roucy-Trioson<\/a><\/span> (fran\u00e7ais, 1767-1824) se trouve au Cleveland Museum of Art. A la National Gallery de Londres, on peut admirer le tableau de <a href=\"https:\/\/www.nationalgallery.org.uk\/paintings\/nicolas-poussin-cephalus-and-aurora\" target=\"_blank\" rel=\"noopener noreferrer\"><span style=\"text-decoration: underline;\">Nicolas Poussin<\/span><\/a>, c. 1630 o\u00f9 il montre la cause du rejet d&rsquo;Aurora par C\u00e9phale.<\/p>\n<\/div><div class=\"fusion-clearfix\"><\/div><\/div><\/div><div class=\"fusion-layout-column fusion_builder_column fusion-builder-column-1 fusion_builder_column_1_2 1_2 fusion-one-half fusion-column-first fusion-animated\" style=\"--awb-padding-top:250px;--awb-padding-bottom:250px;--awb-bg-image:url(&#039;https:\/\/www.klaritz.com\/wp-content\/uploads\/2016\/08\/slide-1.jpg&#039;);--awb-bg-position:center center;--awb-bg-size:cover;width:50%;width:calc(50% - ( ( 4% ) * 0.5 ) );margin-right: 4%;\" data-animationType=\"fadeInUp\" data-animationDuration=\"0.5\" data-animationOffset=\"top-into-view\"><div class=\"fusion-column-wrapper fusion-column-has-shadow fusion-flex-column-wrapper-legacy fusion-column-has-bg-image\" data-bg-url=\"https:\/\/www.klaritz.com\/wp-content\/uploads\/2016\/08\/slide-1.jpg\"><div class=\"fusion-column-content-centered\"><div class=\"fusion-column-content\"><div class=\"fusion-title title fusion-title-2 fusion-sep-none fusion-title-text fusion-title-size-one\" style=\"--awb-margin-bottom:0px;\"><h1 class=\"fusion-title-heading title-heading-left fusion-responsive-typography-calculated\" style=\"margin:0;--fontSize:117.9;line-height:1;\"><p class=\"shadow-txt color-white\" style=\"text-align: center;\">C\u00e9phale<\/p><\/h1><\/div><div class=\"fusion-sep-clear\"><\/div><div class=\"fusion-separator\" style=\"margin-left: auto;margin-right: auto;margin-top:30px;margin-bottom:30px;width:100%;max-width:100px;\"><div class=\"fusion-separator-border sep-single sep-solid\" style=\"--awb-height:20px;--awb-amount:20px;--awb-sep-color:#ffffff;border-color:#ffffff;border-top-width:5px;\"><\/div><\/div><div class=\"fusion-sep-clear\"><\/div><div class=\"fusion-aligncenter\"><a class=\"fusion-button button-flat button-xlarge button-custom fusion-button-default button-1 fusion-button-default-span fusion-button-default-type\" style=\"--button_accent_color:#ffffff;--button_accent_hover_color:#ffffff;--button_border_hover_color:#ffffff;--button_gradient_top_color:#326297;--button_gradient_bottom_color:#326297;--button_gradient_top_color_hover:#326297;--button_gradient_bottom_color_hover:#326297;\" target=\"_self\" href=\"cephalus\"><span class=\"fusion-button-text awb-button__text awb-button__text--default\">EN SAVOIR PLUS<\/span><\/a><\/div><\/div><\/div><div class=\"fusion-clearfix\"><\/div><\/div><\/div><div class=\"fusion-layout-column fusion_builder_column fusion-builder-column-2 fusion_builder_column_1_2 1_2 fusion-one-half fusion-column-last fusion-animated\" style=\"--awb-padding-top:250px;--awb-padding-bottom:250px;--awb-bg-image:url(&#039;https:\/\/www.klaritz.com\/wp-content\/uploads\/2020\/03\/aurora-feat.jpg&#039;);--awb-bg-position:center center;--awb-bg-size:cover;width:50%;width:calc(50% - ( ( 4% ) * 0.5 ) );\" data-animationType=\"fadeInDown\" data-animationDuration=\"0.5\" data-animationOffset=\"top-into-view\"><div class=\"fusion-column-wrapper fusion-column-has-shadow fusion-flex-column-wrapper-legacy fusion-column-has-bg-image\" data-bg-url=\"https:\/\/www.klaritz.com\/wp-content\/uploads\/2020\/03\/aurora-feat.jpg\"><div class=\"fusion-column-content-centered\"><div class=\"fusion-column-content\"><div class=\"fusion-title title fusion-title-3 fusion-sep-none fusion-title-text fusion-title-size-one\" style=\"--awb-margin-bottom:0px;\"><h1 class=\"fusion-title-heading title-heading-left fusion-responsive-typography-calculated\" style=\"margin:0;--fontSize:117.9;line-height:1;\"><p class=\"shadow-txt color-white\" style=\"text-align: center;\">Aurora<\/p><\/h1><\/div><div class=\"fusion-sep-clear\"><\/div><div class=\"fusion-separator\" style=\"margin-left: auto;margin-right: auto;margin-top:30px;margin-bottom:30px;width:100%;max-width:100px;\"><div class=\"fusion-separator-border sep-single sep-solid\" style=\"--awb-height:20px;--awb-amount:20px;--awb-sep-color:#ffffff;border-color:#ffffff;border-top-width:5px;\"><\/div><\/div><div class=\"fusion-sep-clear\"><\/div><div class=\"fusion-aligncenter\"><a class=\"fusion-button button-flat button-xlarge button-custom fusion-button-default button-2 fusion-button-default-span fusion-button-default-type\" style=\"--button_accent_color:#ffffff;--button_accent_hover_color:#ffffff;--button_border_hover_color:#ffffff;--button_gradient_top_color:#326297;--button_gradient_bottom_color:#326297;--button_gradient_top_color_hover:#326297;--button_gradient_bottom_color_hover:#326297;\" target=\"_self\" href=\"aurora \"><span class=\"fusion-button-text awb-button__text awb-button__text--default\">EN SAVOIR PLUS<\/span><\/a><\/div><\/div><\/div><div class=\"fusion-clearfix\"><\/div><\/div><\/div><\/div><\/div>\n","protected":false},"excerpt":{"rendered":"","protected":false},"author":2,"featured_media":0,"parent":0,"menu_order":0,"comment_status":"closed","ping_status":"closed","template":"100-width.php","meta":{"inline_featured_image":false,"footnotes":""},"class_list":["post-1993","page","type-page","status-publish","hentry"],"yoast_head":"<!-- This site is optimized with the Yoast SEO plugin v25.1 - https:\/\/yoast.com\/wordpress\/plugins\/seo\/ -->\n<title>Suites - Klaritz Suites<\/title>\n<meta name=\"robots\" content=\"index, follow, max-snippet:-1, max-image-preview:large, max-video-preview:-1\" \/>\n<link rel=\"canonical\" href=\"https:\/\/www.klaritz.com\/fr\/suites\/\" \/>\n<meta property=\"og:locale\" content=\"fr_FR\" \/>\n<meta property=\"og:type\" content=\"article\" \/>\n<meta property=\"og:title\" content=\"Suites - Klaritz Suites\" \/>\n<meta property=\"og:url\" content=\"https:\/\/www.klaritz.com\/fr\/suites\/\" \/>\n<meta property=\"og:site_name\" content=\"Klaritz Suites\" \/>\n<meta property=\"article:modified_time\" content=\"2025-04-11T07:23:28+00:00\" \/>\n<meta name=\"twitter:card\" content=\"summary_large_image\" \/>\n<meta name=\"twitter:label1\" content=\"Dur\u00e9e de lecture estim\u00e9e\" \/>\n\t<meta name=\"twitter:data1\" content=\"1 minute\" \/>\n<script type=\"application\/ld+json\" class=\"yoast-schema-graph\">{\"@context\":\"https:\/\/schema.org\",\"@graph\":[{\"@type\":\"WebPage\",\"@id\":\"https:\/\/www.klaritz.com\/fr\/suites\/\",\"url\":\"https:\/\/www.klaritz.com\/fr\/suites\/\",\"name\":\"Suites - Klaritz Suites\",\"isPartOf\":{\"@id\":\"https:\/\/www.klaritz.com\/fr\/#website\"},\"datePublished\":\"2018-11-20T13:51:21+00:00\",\"dateModified\":\"2025-04-11T07:23:28+00:00\",\"breadcrumb\":{\"@id\":\"https:\/\/www.klaritz.com\/fr\/suites\/#breadcrumb\"},\"inLanguage\":\"fr-FR\",\"potentialAction\":[{\"@type\":\"ReadAction\",\"target\":[\"https:\/\/www.klaritz.com\/fr\/suites\/\"]}]},{\"@type\":\"BreadcrumbList\",\"@id\":\"https:\/\/www.klaritz.com\/fr\/suites\/#breadcrumb\",\"itemListElement\":[{\"@type\":\"ListItem\",\"position\":1,\"name\":\"Home\",\"item\":\"https:\/\/www.klaritz.com\/fr\/\"},{\"@type\":\"ListItem\",\"position\":2,\"name\":\"Suites\"}]},{\"@type\":\"WebSite\",\"@id\":\"https:\/\/www.klaritz.com\/fr\/#website\",\"url\":\"https:\/\/www.klaritz.com\/fr\/\",\"name\":\"Klaritz Suites\",\"description\":\"\",\"potentialAction\":[{\"@type\":\"SearchAction\",\"target\":{\"@type\":\"EntryPoint\",\"urlTemplate\":\"https:\/\/www.klaritz.com\/fr\/?s={search_term_string}\"},\"query-input\":{\"@type\":\"PropertyValueSpecification\",\"valueRequired\":true,\"valueName\":\"search_term_string\"}}],\"inLanguage\":\"fr-FR\"}]}<\/script>\n<!-- \/ Yoast SEO plugin. -->","yoast_head_json":{"title":"Suites - Klaritz Suites","robots":{"index":"index","follow":"follow","max-snippet":"max-snippet:-1","max-image-preview":"max-image-preview:large","max-video-preview":"max-video-preview:-1"},"canonical":"https:\/\/www.klaritz.com\/fr\/suites\/","og_locale":"fr_FR","og_type":"article","og_title":"Suites - Klaritz Suites","og_url":"https:\/\/www.klaritz.com\/fr\/suites\/","og_site_name":"Klaritz Suites","article_modified_time":"2025-04-11T07:23:28+00:00","twitter_card":"summary_large_image","twitter_misc":{"Dur\u00e9e de lecture estim\u00e9e":"1 minute"},"schema":{"@context":"https:\/\/schema.org","@graph":[{"@type":"WebPage","@id":"https:\/\/www.klaritz.com\/fr\/suites\/","url":"https:\/\/www.klaritz.com\/fr\/suites\/","name":"Suites - Klaritz Suites","isPartOf":{"@id":"https:\/\/www.klaritz.com\/fr\/#website"},"datePublished":"2018-11-20T13:51:21+00:00","dateModified":"2025-04-11T07:23:28+00:00","breadcrumb":{"@id":"https:\/\/www.klaritz.com\/fr\/suites\/#breadcrumb"},"inLanguage":"fr-FR","potentialAction":[{"@type":"ReadAction","target":["https:\/\/www.klaritz.com\/fr\/suites\/"]}]},{"@type":"BreadcrumbList","@id":"https:\/\/www.klaritz.com\/fr\/suites\/#breadcrumb","itemListElement":[{"@type":"ListItem","position":1,"name":"Home","item":"https:\/\/www.klaritz.com\/fr\/"},{"@type":"ListItem","position":2,"name":"Suites"}]},{"@type":"WebSite","@id":"https:\/\/www.klaritz.com\/fr\/#website","url":"https:\/\/www.klaritz.com\/fr\/","name":"Klaritz Suites","description":"","potentialAction":[{"@type":"SearchAction","target":{"@type":"EntryPoint","urlTemplate":"https:\/\/www.klaritz.com\/fr\/?s={search_term_string}"},"query-input":{"@type":"PropertyValueSpecification","valueRequired":true,"valueName":"search_term_string"}}],"inLanguage":"fr-FR"}]}},"_links":{"self":[{"href":"https:\/\/www.klaritz.com\/fr\/wp-json\/wp\/v2\/pages\/1993","targetHints":{"allow":["GET"]}}],"collection":[{"href":"https:\/\/www.klaritz.com\/fr\/wp-json\/wp\/v2\/pages"}],"about":[{"href":"https:\/\/www.klaritz.com\/fr\/wp-json\/wp\/v2\/types\/page"}],"author":[{"embeddable":true,"href":"https:\/\/www.klaritz.com\/fr\/wp-json\/wp\/v2\/users\/2"}],"replies":[{"embeddable":true,"href":"https:\/\/www.klaritz.com\/fr\/wp-json\/wp\/v2\/comments?post=1993"}],"version-history":[{"count":6,"href":"https:\/\/www.klaritz.com\/fr\/wp-json\/wp\/v2\/pages\/1993\/revisions"}],"predecessor-version":[{"id":3062,"href":"https:\/\/www.klaritz.com\/fr\/wp-json\/wp\/v2\/pages\/1993\/revisions\/3062"}],"wp:attachment":[{"href":"https:\/\/www.klaritz.com\/fr\/wp-json\/wp\/v2\/media?parent=1993"}],"curies":[{"name":"wp","href":"https:\/\/api.w.org\/{rel}","templated":true}]}}