{"id":1986,"date":"2018-11-20T15:50:59","date_gmt":"2018-11-20T13:50:59","guid":{"rendered":"https:\/\/www.klaritz.com\/about-us-2\/"},"modified":"2025-04-02T16:36:48","modified_gmt":"2025-04-02T13:36:48","slug":"about-us","status":"publish","type":"page","link":"https:\/\/www.klaritz.com\/fr\/about-us\/","title":{"rendered":"About Us"},"content":{"rendered":"<p><div class=\"fusion-fullwidth fullwidth-box fusion-builder-row-1 nonhundred-percent-fullwidth non-hundred-percent-height-scrolling\" style=\"--awb-border-radius-top-left:0px;--awb-border-radius-top-right:0px;--awb-border-radius-bottom-right:0px;--awb-border-radius-bottom-left:0px;--awb-flex-wrap:wrap;\" ><div class=\"fusion-builder-row fusion-row\"><div class=\"fusion-layout-column fusion_builder_column fusion-builder-column-0 fusion_builder_column_1_1 1_1 fusion-one-full fusion-column-first fusion-column-last\" style=\"--awb-bg-size:cover;--awb-margin-top:0px;--awb-margin-bottom:0px;\"><div class=\"fusion-column-wrapper fusion-flex-column-wrapper-legacy\"><div class=\"fusion-text fusion-text-1 custom-h2\"><h2 class=\"custom-h2\"><strong>Klaritz Suites \u2013 Priv\u00e8 Residence<\/strong><\/h2>\n<p>Klaritz Suites est une toute nouvelle r\u00e9sidence priv\u00e9e, nich\u00e9e dans un endroit privil\u00e9gi\u00e9 de l&rsquo;\u00eele de C\u00e9phalonie, \u00e0 deux pas de la fameuse plage de Makris Yialos. Faite pour accueillir des couples ou des amis, cette r\u00e9sidence de luxe peut \u00eatre consid\u00e9r\u00e9e comme l&rsquo;une des meilleures options, dans cette partie de l\u2019\u00eele de C\u00e9phalonie qui s\u2019appelle Lassi. Chaque suite de cette r\u00e9sidence, a une v\u00e9randa avec vue sur un jardin d\u2019agr\u00e9ment et un jacuzzi ext\u00e9rieur chauff\u00e9, o\u00f9 les clients appr\u00e9cieront de passer du temps pour se d\u00e9tendre en profitant du soleil grec ou sous les \u00e9toiles dans ce cadre agr\u00e9able.<\/p>\n<p>La r\u00e9sidence Klaritz Suites, est compos\u00e9e de deux suites luxueuses ind\u00e9pendantes de 37 m\u00b2 chacune. Chaque suite se compose : d&rsquo;un salon \u00e9l\u00e9gant avec un canap\u00e9 confortable qui a vue sur le jardin d\u2019agr\u00e9ment, d&rsquo;une kitchenette bien \u00e9quip\u00e9e, d&rsquo;une chambre d\u00e9cloisonn\u00e9e avec un lit double queen-size, d&rsquo;une salle de bains spacieuse avec une douche \u00e0 l&rsquo;italienne. Dans chaque salle de bain les clients trouveront des articles de toilette haut de gamme qui, avec les lavabos en mosa\u00efque authentique et les miroirs procurent la sensation enchanteresse et luxueuse d&rsquo;une hospitalit\u00e9 raffin\u00e9e. Vous pourrez \u00e9galement \u00e9couter votre musique pr\u00e9f\u00e9r\u00e9e avec un verre de prosecco sur votre terrasse ou dans l\u2019eau chauff\u00e9e de votre jacuzzi qui dispose aussi d\u2019une fontaine d\u2019eau et de la technologie Bluetooth.<\/p>\n<\/div><div class=\"fusion-clearfix\"><\/div><\/div><\/div><\/div><\/div><div class=\"fusion-fullwidth fullwidth-box fusion-builder-row-2 nonhundred-percent-fullwidth non-hundred-percent-height-scrolling\" style=\"--awb-border-radius-top-left:0px;--awb-border-radius-top-right:0px;--awb-border-radius-bottom-right:0px;--awb-border-radius-bottom-left:0px;--awb-flex-wrap:wrap;\" ><div class=\"fusion-builder-row fusion-row\"><div class=\"fusion-layout-column fusion_builder_column fusion-builder-column-1 fusion_builder_column_1_1 1_1 fusion-one-full fusion-column-first fusion-column-last fusion-animated\" style=\"--awb-bg-size:cover;\" data-animationType=\"fadeInUp\" data-animationDuration=\"0.3\" data-animationOffset=\"top-into-view\"><div class=\"fusion-column-wrapper fusion-flex-column-wrapper-legacy\"><div class=\"awb-gallery-wrapper awb-gallery-wrapper-1 button-span-no\" style=\"--more-btn-alignment:center;\" data-limit=\"5\" data-page=\"1\"><div style=\"margin:-5px;--awb-bordersize:0px;\" class=\"fusion-gallery fusion-gallery-container fusion-grid-5 fusion-columns-total-5 fusion-gallery-layout-grid fusion-gallery-1\"><div style=\"padding:5px;\" class=\"fusion-grid-column fusion-gallery-column fusion-gallery-column-5 hover-type-none\"><div class=\"fusion-gallery-image\"><a href=\"https:\/\/www.klaritz.com\/wp-content\/uploads\/2025\/04\/20220918_134846_r.jpg\" rel=\"noreferrer\" data-rel=\"iLightbox[gallery_image_1]\" class=\"fusion-lightbox\" target=\"_self\"><img decoding=\"async\" src=\"https:\/\/www.klaritz.com\/wp-content\/uploads\/2025\/04\/20220918_134846_r-320x202.jpg\" width=\"320\" height=\"202\" alt=\"\" title=\"20220918_134846_r\" aria-label=\"20220918_134846_r\" class=\"img-responsive wp-image-2926 fusion-gallery-image-size-fixed\" srcset=\"https:\/\/www.klaritz.com\/wp-content\/uploads\/2025\/04\/20220918_134846_r-320x202.jpg 320w, https:\/\/www.klaritz.com\/wp-content\/uploads\/2025\/04\/20220918_134846_r-700x441.jpg 700w\" sizes=\"(max-width: 320px) 100vw, 320px\" \/><\/a><\/div><\/div><div style=\"padding:5px;\" class=\"fusion-grid-column fusion-gallery-column fusion-gallery-column-5 hover-type-none\"><div class=\"fusion-gallery-image\"><a href=\"https:\/\/www.klaritz.com\/wp-content\/uploads\/2025\/04\/20230911_160418-Copy.jpg\" rel=\"noreferrer\" data-rel=\"iLightbox[gallery_image_1]\" class=\"fusion-lightbox\" target=\"_self\"><img decoding=\"async\" src=\"https:\/\/www.klaritz.com\/wp-content\/uploads\/2025\/04\/20230911_160418-Copy-320x202.jpg\" width=\"320\" height=\"202\" alt=\"\" title=\"20230911_160418 &#8211; Copy\" aria-label=\"20230911_160418 &#8211; Copy\" class=\"img-responsive wp-image-2905 fusion-gallery-image-size-fixed\" srcset=\"https:\/\/www.klaritz.com\/wp-content\/uploads\/2025\/04\/20230911_160418-Copy-320x202.jpg 320w, https:\/\/www.klaritz.com\/wp-content\/uploads\/2025\/04\/20230911_160418-Copy-700x441.jpg 700w\" sizes=\"(max-width: 320px) 100vw, 320px\" \/><\/a><\/div><\/div><div style=\"padding:5px;\" class=\"fusion-grid-column fusion-gallery-column fusion-gallery-column-5 hover-type-none\"><div class=\"fusion-gallery-image\"><a href=\"https:\/\/www.klaritz.com\/wp-content\/uploads\/2025\/04\/MAX_0409.jpg\" rel=\"noreferrer\" data-rel=\"iLightbox[gallery_image_1]\" class=\"fusion-lightbox\" target=\"_self\"><img decoding=\"async\" src=\"https:\/\/www.klaritz.com\/wp-content\/uploads\/2025\/04\/MAX_0409-320x202.jpg\" width=\"320\" height=\"202\" alt=\"\" title=\"MAX_0409\" aria-label=\"MAX_0409\" class=\"img-responsive wp-image-2913 fusion-gallery-image-size-fixed\" srcset=\"https:\/\/www.klaritz.com\/wp-content\/uploads\/2025\/04\/MAX_0409-320x202.jpg 320w, https:\/\/www.klaritz.com\/wp-content\/uploads\/2025\/04\/MAX_0409-700x441.jpg 700w\" sizes=\"(max-width: 320px) 100vw, 320px\" \/><\/a><\/div><\/div><div style=\"padding:5px;\" class=\"fusion-grid-column fusion-gallery-column fusion-gallery-column-5 hover-type-none\"><div class=\"fusion-gallery-image\"><a href=\"https:\/\/www.klaritz.com\/wp-content\/uploads\/2025\/04\/DJI_0037.jpg\" rel=\"noreferrer\" data-rel=\"iLightbox[gallery_image_1]\" class=\"fusion-lightbox\" target=\"_self\"><img decoding=\"async\" src=\"https:\/\/www.klaritz.com\/wp-content\/uploads\/2025\/04\/DJI_0037-320x202.jpg\" width=\"320\" height=\"202\" alt=\"\" title=\"DJI_0037\" aria-label=\"DJI_0037\" class=\"img-responsive wp-image-2909 fusion-gallery-image-size-fixed\" srcset=\"https:\/\/www.klaritz.com\/wp-content\/uploads\/2025\/04\/DJI_0037-320x202.jpg 320w, https:\/\/www.klaritz.com\/wp-content\/uploads\/2025\/04\/DJI_0037-700x441.jpg 700w\" sizes=\"(max-width: 320px) 100vw, 320px\" \/><\/a><\/div><\/div><div style=\"padding:5px;\" class=\"fusion-grid-column fusion-gallery-column fusion-gallery-column-5 hover-type-none\"><div class=\"fusion-gallery-image\"><a href=\"https:\/\/www.klaritz.com\/wp-content\/uploads\/2025\/04\/20210618_130145_r.jpg\" rel=\"noreferrer\" data-rel=\"iLightbox[gallery_image_1]\" class=\"fusion-lightbox\" target=\"_self\"><img decoding=\"async\" src=\"https:\/\/www.klaritz.com\/wp-content\/uploads\/2025\/04\/20210618_130145_r-320x202.jpg\" width=\"320\" height=\"202\" alt=\"\" title=\"20210618_130145_r\" aria-label=\"20210618_130145_r\" class=\"img-responsive wp-image-2930 fusion-gallery-image-size-fixed\" srcset=\"https:\/\/www.klaritz.com\/wp-content\/uploads\/2025\/04\/20210618_130145_r-320x202.jpg 320w, https:\/\/www.klaritz.com\/wp-content\/uploads\/2025\/04\/20210618_130145_r-700x441.jpg 700w\" sizes=\"(max-width: 320px) 100vw, 320px\" \/><\/a><\/div><\/div><div class=\"clearfix\"><\/div><\/div><\/div><div class=\"fusion-clearfix\"><\/div><\/div><\/div><div class=\"fusion-layout-column fusion_builder_column fusion-builder-column-2 fusion_builder_column_1_2 1_2 fusion-one-half fusion-column-first\" style=\"--awb-bg-size:cover;width:50%;width:calc(50% - ( ( 4% ) * 0.5 ) );margin-right: 4%;\"><div class=\"fusion-column-wrapper fusion-flex-column-wrapper-legacy\"><div class=\"fusion-column-content-centered\"><div class=\"fusion-column-content\"><div class=\"fusion-aligncenter\"><a class=\"fusion-button button-flat button-xlarge button-default fusion-button-default button-1 fusion-button-default-span fusion-button-default-type\" target=\"_self\" href=\"cephalus\"><span class=\"fusion-button-text awb-button__text awb-button__text--default\">C\u00e9phale<\/span><\/a><\/div><\/div><\/div><div class=\"fusion-clearfix\"><\/div><\/div><\/div><div class=\"fusion-layout-column fusion_builder_column fusion-builder-column-3 fusion_builder_column_1_2 1_2 fusion-one-half fusion-column-last\" style=\"--awb-bg-size:cover;width:50%;width:calc(50% - ( ( 4% ) * 0.5 ) );\"><div class=\"fusion-column-wrapper fusion-flex-column-wrapper-legacy\"><div class=\"fusion-column-content-centered\"><div class=\"fusion-column-content\"><div class=\"fusion-aligncenter\"><a class=\"fusion-button button-flat button-xlarge button-default fusion-button-default button-2 fusion-button-default-span fusion-button-default-type\" target=\"_self\" href=\"aurora\"><span class=\"fusion-button-text awb-button__text awb-button__text--default\">Aurora<\/span><\/a><\/div><\/div><\/div><div class=\"fusion-clearfix\"><\/div><\/div><\/div><\/div><\/div><div class=\"fusion-fullwidth fullwidth-box fusion-builder-row-3 nonhundred-percent-fullwidth non-hundred-percent-height-scrolling\" style=\"--awb-border-radius-top-left:0px;--awb-border-radius-top-right:0px;--awb-border-radius-bottom-right:0px;--awb-border-radius-bottom-left:0px;--awb-flex-wrap:wrap;\" ><div class=\"fusion-builder-row fusion-row\"><div class=\"fusion-layout-column fusion_builder_column fusion-builder-column-4 fusion_builder_column_1_1 1_1 fusion-one-full fusion-column-first fusion-column-last\" style=\"--awb-bg-size:cover;\"><div class=\"fusion-column-wrapper fusion-flex-column-wrapper-legacy\"><div class=\"fusion-text fusion-text-2 custom-h2\"><p>Un parking priv\u00e9 est \u00e0 la disposition de la r\u00e9sidence. Chaque suite est \u00e9quip\u00e9e d\u2019un s\u00e8che-cheveux, d\u2019une connexion Wi-Fi\/Ethernet gratuite et d\u2019une t\u00e9l\u00e9vision LCD 32 pouces o\u00f9 vous pouvez profiter des cha\u00eenes satellite et terrestres ainsi que continuer \u00e0 regarder vos s\u00e9ries NETFLIX pr\u00e9f\u00e9r\u00e9es. Vous avez aussi le choix entre la climatisation A+++ \u00e9cologique \u00e0 commande individuelle et le plafonnier design amusant. Chaque suite est \u00e9quip\u00e9e d&rsquo;une alimentation murale USB et de prises tout-en-un (UE\/UK\/US).<\/p>\n<p>Dans cette r\u00e9gion touristique qui s\u2019appelle Lassi, tout ce qui peut rendre votre s\u00e9jour agr\u00e9able se trouve \u00e0 quelques pas de la r\u00e9sidence, (supermarch\u00e9s, \u00e9piceries, bars, restaurants et tavernes, distributeurs automatiques de billets, location de voitures\/v\u00e9los et boutiques de souvenirs et de bijoux.) Cela, tout en vous offrant une certaine tranquillit\u00e9. La r\u00e9sidence est aussi \u00e0 seulement deux minutes \u00e0 pied de la plage de Makris Yialos, qui est consid\u00e9r\u00e9e comme l&rsquo;une des plus belles plages de l&rsquo;\u00eele, car en plus d\u2019avoir un sable dor\u00e9 et doux elle propose aussi des installations bien organis\u00e9es avec des parasols, des transats des caf\u00e9s et des restaurants.<\/p>\n<p>Pour aller jusqu\u2019\u00e0 Argostoli qui est la ville principale de C\u00e9phalonie, facilement profiter de sa vie nocturne et d\u00e9couvrir les attractions locales une ligne de bus est \u00e0 la disposition des touristes.<\/p>\n<\/div><div class=\"fusion-clearfix\"><\/div><\/div><\/div><\/div><\/div><\/p>\n","protected":false},"excerpt":{"rendered":"","protected":false},"author":2,"featured_media":0,"parent":0,"menu_order":0,"comment_status":"closed","ping_status":"closed","template":"100-width.php","meta":{"inline_featured_image":false,"footnotes":""},"class_list":["post-1986","page","type-page","status-publish","hentry"],"yoast_head":"<!-- This site is optimized with the Yoast SEO plugin v25.1 - https:\/\/yoast.com\/wordpress\/plugins\/seo\/ -->\n<title>About Us - Klaritz Suites<\/title>\n<meta name=\"robots\" content=\"index, follow, max-snippet:-1, max-image-preview:large, max-video-preview:-1\" \/>\n<link rel=\"canonical\" href=\"https:\/\/www.klaritz.com\/fr\/about-us\/\" \/>\n<meta property=\"og:locale\" content=\"fr_FR\" \/>\n<meta property=\"og:type\" content=\"article\" \/>\n<meta property=\"og:title\" content=\"About Us - Klaritz Suites\" \/>\n<meta property=\"og:url\" content=\"https:\/\/www.klaritz.com\/fr\/about-us\/\" \/>\n<meta property=\"og:site_name\" content=\"Klaritz Suites\" \/>\n<meta property=\"article:modified_time\" content=\"2025-04-02T13:36:48+00:00\" \/>\n<meta name=\"twitter:card\" content=\"summary_large_image\" \/>\n<meta name=\"twitter:label1\" content=\"Dur\u00e9e de lecture estim\u00e9e\" \/>\n\t<meta name=\"twitter:data1\" content=\"3 minutes\" \/>\n<script type=\"application\/ld+json\" class=\"yoast-schema-graph\">{\"@context\":\"https:\/\/schema.org\",\"@graph\":[{\"@type\":\"WebPage\",\"@id\":\"https:\/\/www.klaritz.com\/fr\/about-us\/\",\"url\":\"https:\/\/www.klaritz.com\/fr\/about-us\/\",\"name\":\"About Us - Klaritz Suites\",\"isPartOf\":{\"@id\":\"https:\/\/www.klaritz.com\/fr\/#website\"},\"datePublished\":\"2018-11-20T13:50:59+00:00\",\"dateModified\":\"2025-04-02T13:36:48+00:00\",\"breadcrumb\":{\"@id\":\"https:\/\/www.klaritz.com\/fr\/about-us\/#breadcrumb\"},\"inLanguage\":\"fr-FR\",\"potentialAction\":[{\"@type\":\"ReadAction\",\"target\":[\"https:\/\/www.klaritz.com\/fr\/about-us\/\"]}]},{\"@type\":\"BreadcrumbList\",\"@id\":\"https:\/\/www.klaritz.com\/fr\/about-us\/#breadcrumb\",\"itemListElement\":[{\"@type\":\"ListItem\",\"position\":1,\"name\":\"Home\",\"item\":\"https:\/\/www.klaritz.com\/fr\/\"},{\"@type\":\"ListItem\",\"position\":2,\"name\":\"About Us\"}]},{\"@type\":\"WebSite\",\"@id\":\"https:\/\/www.klaritz.com\/fr\/#website\",\"url\":\"https:\/\/www.klaritz.com\/fr\/\",\"name\":\"Klaritz Suites\",\"description\":\"\",\"potentialAction\":[{\"@type\":\"SearchAction\",\"target\":{\"@type\":\"EntryPoint\",\"urlTemplate\":\"https:\/\/www.klaritz.com\/fr\/?s={search_term_string}\"},\"query-input\":{\"@type\":\"PropertyValueSpecification\",\"valueRequired\":true,\"valueName\":\"search_term_string\"}}],\"inLanguage\":\"fr-FR\"}]}<\/script>\n<!-- \/ Yoast SEO plugin. -->","yoast_head_json":{"title":"About Us - Klaritz Suites","robots":{"index":"index","follow":"follow","max-snippet":"max-snippet:-1","max-image-preview":"max-image-preview:large","max-video-preview":"max-video-preview:-1"},"canonical":"https:\/\/www.klaritz.com\/fr\/about-us\/","og_locale":"fr_FR","og_type":"article","og_title":"About Us - Klaritz Suites","og_url":"https:\/\/www.klaritz.com\/fr\/about-us\/","og_site_name":"Klaritz Suites","article_modified_time":"2025-04-02T13:36:48+00:00","twitter_card":"summary_large_image","twitter_misc":{"Dur\u00e9e de lecture estim\u00e9e":"3 minutes"},"schema":{"@context":"https:\/\/schema.org","@graph":[{"@type":"WebPage","@id":"https:\/\/www.klaritz.com\/fr\/about-us\/","url":"https:\/\/www.klaritz.com\/fr\/about-us\/","name":"About Us - Klaritz Suites","isPartOf":{"@id":"https:\/\/www.klaritz.com\/fr\/#website"},"datePublished":"2018-11-20T13:50:59+00:00","dateModified":"2025-04-02T13:36:48+00:00","breadcrumb":{"@id":"https:\/\/www.klaritz.com\/fr\/about-us\/#breadcrumb"},"inLanguage":"fr-FR","potentialAction":[{"@type":"ReadAction","target":["https:\/\/www.klaritz.com\/fr\/about-us\/"]}]},{"@type":"BreadcrumbList","@id":"https:\/\/www.klaritz.com\/fr\/about-us\/#breadcrumb","itemListElement":[{"@type":"ListItem","position":1,"name":"Home","item":"https:\/\/www.klaritz.com\/fr\/"},{"@type":"ListItem","position":2,"name":"About Us"}]},{"@type":"WebSite","@id":"https:\/\/www.klaritz.com\/fr\/#website","url":"https:\/\/www.klaritz.com\/fr\/","name":"Klaritz Suites","description":"","potentialAction":[{"@type":"SearchAction","target":{"@type":"EntryPoint","urlTemplate":"https:\/\/www.klaritz.com\/fr\/?s={search_term_string}"},"query-input":{"@type":"PropertyValueSpecification","valueRequired":true,"valueName":"search_term_string"}}],"inLanguage":"fr-FR"}]}},"_links":{"self":[{"href":"https:\/\/www.klaritz.com\/fr\/wp-json\/wp\/v2\/pages\/1986","targetHints":{"allow":["GET"]}}],"collection":[{"href":"https:\/\/www.klaritz.com\/fr\/wp-json\/wp\/v2\/pages"}],"about":[{"href":"https:\/\/www.klaritz.com\/fr\/wp-json\/wp\/v2\/types\/page"}],"author":[{"embeddable":true,"href":"https:\/\/www.klaritz.com\/fr\/wp-json\/wp\/v2\/users\/2"}],"replies":[{"embeddable":true,"href":"https:\/\/www.klaritz.com\/fr\/wp-json\/wp\/v2\/comments?post=1986"}],"version-history":[{"count":5,"href":"https:\/\/www.klaritz.com\/fr\/wp-json\/wp\/v2\/pages\/1986\/revisions"}],"predecessor-version":[{"id":2935,"href":"https:\/\/www.klaritz.com\/fr\/wp-json\/wp\/v2\/pages\/1986\/revisions\/2935"}],"wp:attachment":[{"href":"https:\/\/www.klaritz.com\/fr\/wp-json\/wp\/v2\/media?parent=1986"}],"curies":[{"name":"wp","href":"https:\/\/api.w.org\/{rel}","templated":true}]}}