{"id":2405,"date":"2018-11-20T15:50:59","date_gmt":"2018-11-20T13:50:59","guid":{"rendered":"https:\/\/www.klaritz.com\/uber-uns\/"},"modified":"2025-04-02T16:38:16","modified_gmt":"2025-04-02T13:38:16","slug":"uber-uns","status":"publish","type":"page","link":"https:\/\/www.klaritz.com\/de\/uber-uns\/","title":{"rendered":"\u00dcber Uns"},"content":{"rendered":"<p><div class=\"fusion-fullwidth fullwidth-box fusion-builder-row-1 nonhundred-percent-fullwidth non-hundred-percent-height-scrolling\" style=\"--awb-border-radius-top-left:0px;--awb-border-radius-top-right:0px;--awb-border-radius-bottom-right:0px;--awb-border-radius-bottom-left:0px;--awb-flex-wrap:wrap;\" ><div class=\"fusion-builder-row fusion-row\"><div class=\"fusion-layout-column fusion_builder_column fusion-builder-column-0 fusion_builder_column_1_1 1_1 fusion-one-full fusion-column-first fusion-column-last\" style=\"--awb-bg-size:cover;--awb-margin-top:0px;--awb-margin-bottom:0px;\"><div class=\"fusion-column-wrapper fusion-flex-column-wrapper-legacy\"><div class=\"fusion-text fusion-text-1 custom-h2\"><h2 class=\"custom-h2\"><strong>Klaritz Suites &#8211; Priv\u00e9-Residence<\/strong><\/h2>\n<p>Die Klaritz Suites ist eine brandneue Priv\u00e9-Residence, die an einem privilegierten Ort am Strand von Makris Yialos auf der Insel Kefallonia liegt. Die Anlage ist ideal f\u00fcr Paare oder auch f\u00fcr bis zu drei Freunde und gilt als eine der besten Optionen f\u00fcr einen Luxusurlaub in der Region Lassi. Mit auf den Garten blickende, separate Veranden und beheizten Whirlpools im Freien werden die G\u00e4ste die meiste Zeit ihrer Freizeit auf den bequemen St\u00fchlen und Liegen verbringen und dabei die griechische Sonne oder den Mond in einer au\u00dfergew\u00f6hnlichen Umgebung genie\u00dfen.<\/p>\n<p>Die Klaritz Suites bestehen aus zwei separaten luxuri\u00f6sen Suiten mit jeweils 37 m\u00b2 und einem eigenen Eingang, deren Lounge-Konzept sich auf den umgebenden Au\u00dfengarten konzentriert und eine komfortable Umgebung offenbart. Jede Suite besteht aus einem eleganten Wohnzimmer, einer gut ausgestatteten K\u00fcchenzeile, einem offenen Schlafzimmer mit einem gro\u00dfz\u00fcgigen Queen-Size-Bett, einem bequemen Einzelsofa und einem ger\u00e4umigen Bad mit einer begehbaren Monsun-Dusche. Die authentischen Mosaikwaschbecken und Spiegel schaffen ein luxuri\u00f6ses Badezimmer, in dem die G\u00e4ste hochwertige Toilettenartikel vorfinden, welche zu einem einzigartigen Erlebnis, einer besonders zauberhaften Gastfreundschaft, beitragen. Auf der Terrasse k\u00f6nnen Sie den privaten beheizten Spa-Whirlpool mit Wasserfont\u00e4ne und Bluetooth-Technologie genie\u00dfen, wo Sie bei einem Glas Prosecco Ihre Lieblingsmusik h\u00f6ren k\u00f6nnen.<\/p>\n<\/div><div class=\"fusion-clearfix\"><\/div><\/div><\/div><\/div><\/div><div class=\"fusion-fullwidth fullwidth-box fusion-builder-row-2 nonhundred-percent-fullwidth non-hundred-percent-height-scrolling\" style=\"--awb-border-radius-top-left:0px;--awb-border-radius-top-right:0px;--awb-border-radius-bottom-right:0px;--awb-border-radius-bottom-left:0px;--awb-flex-wrap:wrap;\" ><div class=\"fusion-builder-row fusion-row\"><div class=\"fusion-layout-column fusion_builder_column fusion-builder-column-1 fusion_builder_column_1_1 1_1 fusion-one-full fusion-column-first fusion-column-last fusion-animated\" style=\"--awb-bg-size:cover;\" data-animationType=\"fadeInUp\" data-animationDuration=\"0.3\" data-animationOffset=\"top-into-view\"><div class=\"fusion-column-wrapper fusion-flex-column-wrapper-legacy\"><div class=\"awb-gallery-wrapper awb-gallery-wrapper-1 button-span-no\" style=\"--more-btn-alignment:center;\" data-limit=\"5\" data-page=\"1\"><div style=\"margin:-5px;--awb-bordersize:0px;\" class=\"fusion-gallery fusion-gallery-container fusion-grid-5 fusion-columns-total-5 fusion-gallery-layout-grid fusion-gallery-1\"><div style=\"padding:5px;\" class=\"fusion-grid-column fusion-gallery-column fusion-gallery-column-5 hover-type-none\"><div class=\"fusion-gallery-image\"><a href=\"https:\/\/www.klaritz.com\/wp-content\/uploads\/2025\/04\/20220918_134846_r.jpg\" rel=\"noreferrer\" data-rel=\"iLightbox[gallery_image_1]\" class=\"fusion-lightbox\" target=\"_self\"><img decoding=\"async\" src=\"https:\/\/www.klaritz.com\/wp-content\/uploads\/2025\/04\/20220918_134846_r-320x202.jpg\" width=\"320\" height=\"202\" alt=\"\" title=\"20220918_134846_r\" aria-label=\"20220918_134846_r\" class=\"img-responsive wp-image-2928 fusion-gallery-image-size-fixed\" srcset=\"https:\/\/www.klaritz.com\/wp-content\/uploads\/2025\/04\/20220918_134846_r-320x202.jpg 320w, https:\/\/www.klaritz.com\/wp-content\/uploads\/2025\/04\/20220918_134846_r-700x441.jpg 700w\" sizes=\"(max-width: 320px) 100vw, 320px\" \/><\/a><\/div><\/div><div style=\"padding:5px;\" class=\"fusion-grid-column fusion-gallery-column fusion-gallery-column-5 hover-type-none\"><div class=\"fusion-gallery-image\"><a href=\"https:\/\/www.klaritz.com\/wp-content\/uploads\/2025\/04\/20230911_160418-Copy.jpg\" rel=\"noreferrer\" data-rel=\"iLightbox[gallery_image_1]\" class=\"fusion-lightbox\" target=\"_self\"><img decoding=\"async\" src=\"https:\/\/www.klaritz.com\/wp-content\/uploads\/2025\/04\/20230911_160418-Copy-320x202.jpg\" width=\"320\" height=\"202\" alt=\"\" title=\"20230911_160418 &#8211; Copy\" aria-label=\"20230911_160418 &#8211; Copy\" class=\"img-responsive wp-image-2906 fusion-gallery-image-size-fixed\" srcset=\"https:\/\/www.klaritz.com\/wp-content\/uploads\/2025\/04\/20230911_160418-Copy-320x202.jpg 320w, https:\/\/www.klaritz.com\/wp-content\/uploads\/2025\/04\/20230911_160418-Copy-700x441.jpg 700w\" sizes=\"(max-width: 320px) 100vw, 320px\" \/><\/a><\/div><\/div><div style=\"padding:5px;\" class=\"fusion-grid-column fusion-gallery-column fusion-gallery-column-5 hover-type-none\"><div class=\"fusion-gallery-image\"><a href=\"https:\/\/www.klaritz.com\/wp-content\/uploads\/2025\/04\/MAX_0409.jpg\" rel=\"noreferrer\" data-rel=\"iLightbox[gallery_image_1]\" class=\"fusion-lightbox\" target=\"_self\"><img decoding=\"async\" src=\"https:\/\/www.klaritz.com\/wp-content\/uploads\/2025\/04\/MAX_0409-320x202.jpg\" width=\"320\" height=\"202\" alt=\"\" title=\"MAX_0409\" aria-label=\"MAX_0409\" class=\"img-responsive wp-image-2914 fusion-gallery-image-size-fixed\" srcset=\"https:\/\/www.klaritz.com\/wp-content\/uploads\/2025\/04\/MAX_0409-320x202.jpg 320w, https:\/\/www.klaritz.com\/wp-content\/uploads\/2025\/04\/MAX_0409-700x441.jpg 700w\" sizes=\"(max-width: 320px) 100vw, 320px\" \/><\/a><\/div><\/div><div style=\"padding:5px;\" class=\"fusion-grid-column fusion-gallery-column fusion-gallery-column-5 hover-type-none\"><div class=\"fusion-gallery-image\"><a href=\"https:\/\/www.klaritz.com\/wp-content\/uploads\/2025\/04\/DJI_0037.jpg\" rel=\"noreferrer\" data-rel=\"iLightbox[gallery_image_1]\" class=\"fusion-lightbox\" target=\"_self\"><img decoding=\"async\" src=\"https:\/\/www.klaritz.com\/wp-content\/uploads\/2025\/04\/DJI_0037-320x202.jpg\" width=\"320\" height=\"202\" alt=\"\" title=\"DJI_0037\" aria-label=\"DJI_0037\" class=\"img-responsive wp-image-2910 fusion-gallery-image-size-fixed\" srcset=\"https:\/\/www.klaritz.com\/wp-content\/uploads\/2025\/04\/DJI_0037-320x202.jpg 320w, https:\/\/www.klaritz.com\/wp-content\/uploads\/2025\/04\/DJI_0037-700x441.jpg 700w\" sizes=\"(max-width: 320px) 100vw, 320px\" \/><\/a><\/div><\/div><div style=\"padding:5px;\" class=\"fusion-grid-column fusion-gallery-column fusion-gallery-column-5 hover-type-none\"><div class=\"fusion-gallery-image\"><a href=\"https:\/\/www.klaritz.com\/wp-content\/uploads\/2025\/04\/20210618_130145_r.jpg\" rel=\"noreferrer\" data-rel=\"iLightbox[gallery_image_1]\" class=\"fusion-lightbox\" target=\"_self\"><img decoding=\"async\" src=\"https:\/\/www.klaritz.com\/wp-content\/uploads\/2025\/04\/20210618_130145_r-320x202.jpg\" width=\"320\" height=\"202\" alt=\"\" title=\"20210618_130145_r\" aria-label=\"20210618_130145_r\" class=\"img-responsive wp-image-2932 fusion-gallery-image-size-fixed\" srcset=\"https:\/\/www.klaritz.com\/wp-content\/uploads\/2025\/04\/20210618_130145_r-320x202.jpg 320w, https:\/\/www.klaritz.com\/wp-content\/uploads\/2025\/04\/20210618_130145_r-700x441.jpg 700w\" sizes=\"(max-width: 320px) 100vw, 320px\" \/><\/a><\/div><\/div><div class=\"clearfix\"><\/div><\/div><\/div><div class=\"fusion-clearfix\"><\/div><\/div><\/div><div class=\"fusion-layout-column fusion_builder_column fusion-builder-column-2 fusion_builder_column_1_2 1_2 fusion-one-half fusion-column-first\" style=\"--awb-bg-size:cover;width:50%;width:calc(50% - ( ( 4% ) * 0.5 ) );margin-right: 4%;\"><div class=\"fusion-column-wrapper fusion-flex-column-wrapper-legacy\"><div class=\"fusion-column-content-centered\"><div class=\"fusion-column-content\"><div class=\"fusion-aligncenter\"><a class=\"fusion-button button-flat button-xlarge button-default fusion-button-default button-1 fusion-button-default-span fusion-button-default-type\" target=\"_self\" href=\"cephalus\"><span class=\"fusion-button-text awb-button__text awb-button__text--default\">Cephalus<\/span><\/a><\/div><\/div><\/div><div class=\"fusion-clearfix\"><\/div><\/div><\/div><div class=\"fusion-layout-column fusion_builder_column fusion-builder-column-3 fusion_builder_column_1_2 1_2 fusion-one-half fusion-column-last\" style=\"--awb-bg-size:cover;width:50%;width:calc(50% - ( ( 4% ) * 0.5 ) );\"><div class=\"fusion-column-wrapper fusion-flex-column-wrapper-legacy\"><div class=\"fusion-column-content-centered\"><div class=\"fusion-column-content\"><div class=\"fusion-aligncenter\"><a class=\"fusion-button button-flat button-xlarge button-default fusion-button-default button-2 fusion-button-default-span fusion-button-default-type\" target=\"_self\" href=\"aurora\"><span class=\"fusion-button-text awb-button__text awb-button__text--default\">Aurora<\/span><\/a><\/div><\/div><\/div><div class=\"fusion-clearfix\"><\/div><\/div><\/div><\/div><\/div><div class=\"fusion-fullwidth fullwidth-box fusion-builder-row-3 nonhundred-percent-fullwidth non-hundred-percent-height-scrolling\" style=\"--awb-border-radius-top-left:0px;--awb-border-radius-top-right:0px;--awb-border-radius-bottom-right:0px;--awb-border-radius-bottom-left:0px;--awb-flex-wrap:wrap;\" ><div class=\"fusion-builder-row fusion-row\"><div class=\"fusion-layout-column fusion_builder_column fusion-builder-column-4 fusion_builder_column_1_1 1_1 fusion-one-full fusion-column-first fusion-column-last\" style=\"--awb-bg-size:cover;\"><div class=\"fusion-column-wrapper fusion-flex-column-wrapper-legacy\"><div class=\"fusion-text fusion-text-2 custom-h2\"><p>Zu den Annehmlichkeiten geh\u00f6ren ein Privatparkplatz, ein Haartrockner, kostenloses Wi-Fi\/Ethernet und ein 32-Zoll-LCD-Fernseher, auf dem Sie Satelliten- und terrestrische Kan\u00e4le sowie Ihre Lieblingsserien von NETFLIX sehen k\u00f6nnen. Sie haben die Wahl zwischen der individuell gesteuerten, umweltfreundlichen A+++-Klimaanlage und dem Design-Deckenventilator. Jede Suite ist mit USB-Wandsteckdosen und All-in-One-Steckdosen (EU\/UK\/US) ausgestattet.<\/p>\n<p>Die sehr gut durchdachte Lage des Hotels bietet eine zentrale und dennoch ruhige Lage, nur zwei Gehminuten vom Makris Yialos Strand entfernt, der als einer der besten Str\u00e4nde der Insel gilt, da er einen weichen, goldenen Sand und gut organisierte Einrichtungen mit Sonnenschirmen, Caf\u00e9s und Restaurants bietet. In der n\u00e4heren Umgebung gibt es verschiedene Superm\u00e4rkte, Lebensmittelgesch\u00e4fte, Bars, Restaurants und Tavernen, Geldautomaten, Auto- und Fahrradverleihe sowie Souvenir- und Schmuckl\u00e4den zu entdecken.<\/p>\n<p>Besucher k\u00f6nnen die h\u00e4ufig verkehrenden, \u00f6ffentlichen Busse in die Stadt Argostoli nutzen, wo sie das Nachtleben genie\u00dfen und die \u00f6rtlichen Sehensw\u00fcrdigkeiten erkunden k\u00f6nnen.<\/p>\n<\/div><div class=\"fusion-clearfix\"><\/div><\/div><\/div><\/div><\/div><\/p>\n","protected":false},"excerpt":{"rendered":"","protected":false},"author":2,"featured_media":0,"parent":0,"menu_order":0,"comment_status":"closed","ping_status":"closed","template":"100-width.php","meta":{"inline_featured_image":false,"footnotes":""},"class_list":["post-2405","page","type-page","status-publish","hentry"],"yoast_head":"<!-- This site is optimized with the Yoast SEO plugin v25.1 - https:\/\/yoast.com\/wordpress\/plugins\/seo\/ -->\n<title>\u00dcber Uns - Klaritz Suites<\/title>\n<meta name=\"robots\" content=\"index, follow, max-snippet:-1, max-image-preview:large, max-video-preview:-1\" \/>\n<link rel=\"canonical\" href=\"https:\/\/www.klaritz.com\/de\/uber-uns\/\" \/>\n<meta property=\"og:locale\" content=\"de_DE\" \/>\n<meta property=\"og:type\" content=\"article\" \/>\n<meta property=\"og:title\" content=\"\u00dcber Uns - Klaritz Suites\" \/>\n<meta property=\"og:url\" content=\"https:\/\/www.klaritz.com\/de\/uber-uns\/\" \/>\n<meta property=\"og:site_name\" content=\"Klaritz Suites\" \/>\n<meta property=\"article:modified_time\" content=\"2025-04-02T13:38:16+00:00\" \/>\n<meta name=\"twitter:card\" content=\"summary_large_image\" \/>\n<meta name=\"twitter:label1\" content=\"Est. reading time\" \/>\n\t<meta name=\"twitter:data1\" content=\"3 minutes\" \/>\n<script type=\"application\/ld+json\" class=\"yoast-schema-graph\">{\"@context\":\"https:\/\/schema.org\",\"@graph\":[{\"@type\":\"WebPage\",\"@id\":\"https:\/\/www.klaritz.com\/de\/uber-uns\/\",\"url\":\"https:\/\/www.klaritz.com\/de\/uber-uns\/\",\"name\":\"\u00dcber Uns - Klaritz Suites\",\"isPartOf\":{\"@id\":\"https:\/\/www.klaritz.com\/de\/#website\"},\"datePublished\":\"2018-11-20T13:50:59+00:00\",\"dateModified\":\"2025-04-02T13:38:16+00:00\",\"breadcrumb\":{\"@id\":\"https:\/\/www.klaritz.com\/de\/uber-uns\/#breadcrumb\"},\"inLanguage\":\"de-DE\",\"potentialAction\":[{\"@type\":\"ReadAction\",\"target\":[\"https:\/\/www.klaritz.com\/de\/uber-uns\/\"]}]},{\"@type\":\"BreadcrumbList\",\"@id\":\"https:\/\/www.klaritz.com\/de\/uber-uns\/#breadcrumb\",\"itemListElement\":[{\"@type\":\"ListItem\",\"position\":1,\"name\":\"Home\",\"item\":\"https:\/\/www.klaritz.com\/de\/\"},{\"@type\":\"ListItem\",\"position\":2,\"name\":\"\u00dcber Uns\"}]},{\"@type\":\"WebSite\",\"@id\":\"https:\/\/www.klaritz.com\/de\/#website\",\"url\":\"https:\/\/www.klaritz.com\/de\/\",\"name\":\"Klaritz Suites\",\"description\":\"\",\"potentialAction\":[{\"@type\":\"SearchAction\",\"target\":{\"@type\":\"EntryPoint\",\"urlTemplate\":\"https:\/\/www.klaritz.com\/de\/?s={search_term_string}\"},\"query-input\":{\"@type\":\"PropertyValueSpecification\",\"valueRequired\":true,\"valueName\":\"search_term_string\"}}],\"inLanguage\":\"de-DE\"}]}<\/script>\n<!-- \/ Yoast SEO plugin. -->","yoast_head_json":{"title":"\u00dcber Uns - Klaritz Suites","robots":{"index":"index","follow":"follow","max-snippet":"max-snippet:-1","max-image-preview":"max-image-preview:large","max-video-preview":"max-video-preview:-1"},"canonical":"https:\/\/www.klaritz.com\/de\/uber-uns\/","og_locale":"de_DE","og_type":"article","og_title":"\u00dcber Uns - Klaritz Suites","og_url":"https:\/\/www.klaritz.com\/de\/uber-uns\/","og_site_name":"Klaritz Suites","article_modified_time":"2025-04-02T13:38:16+00:00","twitter_card":"summary_large_image","twitter_misc":{"Est. reading time":"3 minutes"},"schema":{"@context":"https:\/\/schema.org","@graph":[{"@type":"WebPage","@id":"https:\/\/www.klaritz.com\/de\/uber-uns\/","url":"https:\/\/www.klaritz.com\/de\/uber-uns\/","name":"\u00dcber Uns - Klaritz Suites","isPartOf":{"@id":"https:\/\/www.klaritz.com\/de\/#website"},"datePublished":"2018-11-20T13:50:59+00:00","dateModified":"2025-04-02T13:38:16+00:00","breadcrumb":{"@id":"https:\/\/www.klaritz.com\/de\/uber-uns\/#breadcrumb"},"inLanguage":"de-DE","potentialAction":[{"@type":"ReadAction","target":["https:\/\/www.klaritz.com\/de\/uber-uns\/"]}]},{"@type":"BreadcrumbList","@id":"https:\/\/www.klaritz.com\/de\/uber-uns\/#breadcrumb","itemListElement":[{"@type":"ListItem","position":1,"name":"Home","item":"https:\/\/www.klaritz.com\/de\/"},{"@type":"ListItem","position":2,"name":"\u00dcber Uns"}]},{"@type":"WebSite","@id":"https:\/\/www.klaritz.com\/de\/#website","url":"https:\/\/www.klaritz.com\/de\/","name":"Klaritz Suites","description":"","potentialAction":[{"@type":"SearchAction","target":{"@type":"EntryPoint","urlTemplate":"https:\/\/www.klaritz.com\/de\/?s={search_term_string}"},"query-input":{"@type":"PropertyValueSpecification","valueRequired":true,"valueName":"search_term_string"}}],"inLanguage":"de-DE"}]}},"_links":{"self":[{"href":"https:\/\/www.klaritz.com\/de\/wp-json\/wp\/v2\/pages\/2405","targetHints":{"allow":["GET"]}}],"collection":[{"href":"https:\/\/www.klaritz.com\/de\/wp-json\/wp\/v2\/pages"}],"about":[{"href":"https:\/\/www.klaritz.com\/de\/wp-json\/wp\/v2\/types\/page"}],"author":[{"embeddable":true,"href":"https:\/\/www.klaritz.com\/de\/wp-json\/wp\/v2\/users\/2"}],"replies":[{"embeddable":true,"href":"https:\/\/www.klaritz.com\/de\/wp-json\/wp\/v2\/comments?post=2405"}],"version-history":[{"count":5,"href":"https:\/\/www.klaritz.com\/de\/wp-json\/wp\/v2\/pages\/2405\/revisions"}],"predecessor-version":[{"id":2937,"href":"https:\/\/www.klaritz.com\/de\/wp-json\/wp\/v2\/pages\/2405\/revisions\/2937"}],"wp:attachment":[{"href":"https:\/\/www.klaritz.com\/de\/wp-json\/wp\/v2\/media?parent=2405"}],"curies":[{"name":"wp","href":"https:\/\/api.w.org\/{rel}","templated":true}]}}